{"id":45,"date":"2021-05-26T13:39:21","date_gmt":"2021-05-26T13:39:21","guid":{"rendered":"http:\/\/martialartsacademy.dk\/?page_id=45"},"modified":"2024-03-14T14:24:42","modified_gmt":"2024-03-14T14:24:42","slug":"martial-arts-academy","status":"publish","type":"page","link":"http:\/\/martialartsacademy.dk\/?page_id=45","title":{"rendered":"Martial Arts Academy"},"content":{"rendered":"\n<p class=\"has-black-color has-text-color has-link-color wp-elements-88eace4d4d57d90bcabb96133251b25b\">Selvforsvar &amp; Personlig Udvikling<\/p>\n\n\n\n<hr class=\"wp-block-separator has-alpha-channel-opacity\"\/>\n\n\n\n<p><strong>Om Os:<\/strong><\/p>\n\n\n\n<p>Martial Arts Academy er din vej til selvforsvar og personlig udvikling. Vi er mere end et tr\u00e6ningscenter; vi er en dedikeret familie, der guider dig mod succes p\u00e5 b\u00e5de det fysiske og mentale plan.<\/p>\n\n\n\n<h4 class=\"wp-block-heading\"><strong>Vores Mission:<\/strong><\/h4>\n\n\n\n<p>Vi tror p\u00e5 selvkontrol, ansvar og respekt som n\u00f8gleelementer for personlig v\u00e6kst. Vores mission er at udruste dig med de n\u00f8dvendige f\u00e6rdigheder til selvforsvar samtidig med at dyrke en sund mental og fysisk tilstand.<\/p>\n\n\n\n<hr class=\"wp-block-separator has-alpha-channel-opacity\"\/>\n\n\n\n<p><strong>Vores V\u00e6rdier:<\/strong><\/p>\n\n\n\n<ul class=\"wp-block-list\">\n<li>Tryghed, Sikkerhed, Sundhed<\/li>\n\n\n\n<li>Selvkontrol, Ansvar, Discipline<\/li>\n\n\n\n<li>Tillid, Respekt, Selvv\u00e6rd<\/li>\n\n\n\n<li>Fysisk og Mental Udvikling<\/li>\n\n\n\n<li>Kommunikation og konflikth\u00e5ndtering<\/li>\n\n\n\n<li>Gl\u00e6de, Succes, Positiv Energi<\/li>\n<\/ul>\n\n\n\n<h3 class=\"wp-block-heading has-black-color has-text-color has-link-color wp-elements-0b724aced63063c9153901ea588786f3\"><strong>Tr\u00e6ningsmuligheder:<\/strong><\/h3>\n\n\n\n<h3 class=\"wp-block-heading has-black-color has-text-color has-link-color wp-elements-e2a140eb481dfa246242f6dbbb1e7b47\"><strong>Uddannelsesprogrammer:<\/strong><\/h3>\n\n\n\n<ul class=\"wp-block-list\">\n<li>Grundl\u00e6ggende, Videreg\u00e5ende, Instrukt\u00f8r og Mester uddannelser<\/li>\n\n\n\n<li>Fleksible tr\u00e6ningstider: Fritid, Deltid, Fuldtid<\/li>\n<\/ul>\n\n\n\n<h4 class=\"wp-block-heading\"><strong>Kampsport Stilarter:<\/strong><\/h4>\n\n\n\n<ul class=\"wp-block-list\">\n<li>Videreudviklet forsvarssystemer i et platform<\/li>\n\n\n\n<li>Enkelhed, effektivitet, proaktivt selvforsvar<\/li>\n<\/ul>\n\n\n\n<hr class=\"wp-block-separator has-alpha-channel-opacity\"\/>\n\n\n\n<h3 class=\"wp-block-heading has-black-color has-text-color has-link-color wp-elements-b04f513b08514fd0f6f99ce69d036281\"><strong>Vores Team:<\/strong><\/h3>\n\n\n\n<h4 class=\"wp-block-heading\"><strong>Erfarne Instrukt\u00f8rer:<\/strong><\/h4>\n\n\n\n<ul class=\"wp-block-list\">\n<li>Dedikerede Professionelle instrukt\u00f8rer med 40 \u00e5rs erfaring<\/li>\n\n\n\n<li>Engagement i din personlige udvikling og succes<\/li>\n<\/ul>\n\n\n\n<h4 class=\"wp-block-heading\"><strong>F\u00e6llesskab:<\/strong><\/h4>\n\n\n\n<ul class=\"wp-block-list\">\n<li>Vi er mere end en skole, vi er et st\u00f8ttende f\u00e6llesskab<\/li>\n\n\n\n<li>Venner og ligesindede p\u00e5 din rejse<\/li>\n<\/ul>\n\n\n\n<p><strong>Fordele ved at tr\u00e6ne hos Martial Arts Academy:<\/strong><\/p>\n\n\n\n<ul class=\"wp-block-list\">\n<li>Styrker din fysik og mental sundhed<\/li>\n\n\n\n<li>Udvikler selvtillid og selvv\u00e6rd<\/li>\n\n\n\n<li>L\u00e6rer at h\u00e5ndtere konflikter p\u00e5 en konstruktiv m\u00e5de<\/li>\n\n\n\n<li>Bliver en del af et positivt og st\u00f8ttende f\u00e6llesskab<\/li>\n\n\n\n<li>F\u00e5r v\u00e6rdifulde redskaber til at lykkes i livet<\/li>\n<\/ul>\n\n\n\n<hr class=\"wp-block-separator has-alpha-channel-opacity\"\/>\n\n\n\n<h3 class=\"wp-block-heading\"><strong>Kontakt os:<\/strong><\/h3>\n\n\n\n<ul class=\"wp-block-list\">\n<li>Hjemmeside: www.martialartsacademy.dk<\/li>\n\n\n\n<li>Telefon: +45 28 88 09 00<\/li>\n\n\n\n<li>E-mail: azn@azn.dk<\/li>\n<\/ul>\n\n\n\n<p><strong>Sociale medier:<\/strong><\/p>\n\n\n\n<ul class=\"wp-block-list\">\n<li>Facebook: @martialartsacademydk<\/li>\n\n\n\n<li>Instagram: @martialartsacademydk<\/li>\n<\/ul>\n\n\n\n<p>Vi ser frem til at byde dig velkommen til Martial Arts Academy!<\/p>\n\n\n\n<p><strong>___________________________________________<\/strong><\/p>\n\n\n\n<p><strong>Tro og selvkontrol som v\u00e6rdifulde redskaber:<\/strong><\/p>\n\n\n\n<p>Kampsport og kampkunst kan v\u00e6re v\u00e6rdifulde redskaber til at udvikle b\u00e5de tro og selvkontrol. Her er nogle v\u00e6rdier, der ofte fremmes gennem disse discipliner:<\/p>\n\n\n\n<p>1. <strong>**Respekt:**<\/strong> Kampsport og kampkunst l\u00e6rer eleverne at respektere deres instrukt\u00f8rer, medk\u00e6mpere og traditioner. Dette inkluderer ogs\u00e5 respekt for sig selv og ens egne gr\u00e6nser.<\/p>\n\n\n\n<p>2.<strong> **Disciplin:**<\/strong> Gennem regelm\u00e6ssig tr\u00e6ning i kampsport og kampkunst l\u00e6rer eleverne v\u00e6rdien af disciplin og struktur. Dette indeb\u00e6rer at m\u00f8de op til tr\u00e6ning regelm\u00e6ssigt, f\u00f8lge instruktioner og arbejde h\u00e5rdt for at forbedre sig.<\/p>\n\n\n\n<p>3. <strong>**Selvdisciplin:**<\/strong> At mestre kampsport kr\u00e6ver en h\u00f8j grad af selvkontrol og selvdisciplin. Eleverne l\u00e6rer at styre deres impulser, udvikle selvregulering og opbygge mentalt fokus.<\/p>\n\n\n\n<p>4. <strong>**T\u00e5lmodighed:** <\/strong>Kampsport og kampkunst er ikke noget, man mestrer over natten. Det kr\u00e6ver t\u00e5lmodighed og vedholdenhed at l\u00e6re og forbedre sig over tid.<\/p>\n\n\n\n<p>5. <strong>**Selvtillid:**<\/strong> Gennem kampsportens tr\u00e6ning og opn\u00e5else af f\u00e6rdigheder opbygger eleverne en sund selvtillid og selvv\u00e6rd.<\/p>\n\n\n\n<p>6. <strong>**Ydmyghed:**<\/strong> Selvom man kan opn\u00e5 h\u00f8je f\u00e6rdighedsniveauer i kampsport og kampkunst, l\u00e6rer man ogs\u00e5 ydmyghed, da der altid er mere at l\u00e6re, og der altid vil v\u00e6re nogen, der er bedre.<\/p>\n\n\n\n<p>7.<strong> **Kontrol:**<\/strong> Kampsport og kampkunst l\u00e6rer eleverne at have kontrol over deres krop, tanker og handlinger, b\u00e5de under tr\u00e6ning og i dagligdagen.<\/p>\n\n\n\n<p>8. <strong>**Etik og moral:**<\/strong> Mange kampsport- og kampkunst former har indbygget etiske og moralske principper, som eleverne l\u00e6rer og efterlever, s\u00e5som \u00e6rlighed, integritet og hj\u00e6lpsomhed.<\/p>\n\n\n\n<p>Samlet set kan kampsport og kampkunst v\u00e6re kraftfulde v\u00e6rkt\u00f8jer til personlig udvikling, der g\u00e5r ud over blot fysisk tr\u00e6ning og selvforsvar, og som kan bidrage til at forme st\u00e6rke, ansvarlige og respektfulde individer.<\/p>\n\n\n\n<p class=\"has-white-color has-black-background-color has-text-color has-background has-link-color wp-elements-6df7b5b6d18781b556a659dd6cac223f\">_________________________________________<\/p>\n","protected":false},"excerpt":{"rendered":"<p>Selvforsvar &amp; Personlig Udvikling Om Os: Martial Arts Academy er din vej til selvforsvar og personlig udvikling. Vi er mere end et tr\u00e6ningscenter; vi er en dedikeret familie, der guider dig mod succes p\u00e5 b\u00e5de det fysiske og mentale plan. Vores Mission: Vi tror p\u00e5 selvkontrol, ansvar og respekt som n\u00f8gleelementer for personlig v\u00e6kst. Vores &hellip; <\/p>\n<p class=\"link-more\"><a href=\"http:\/\/martialartsacademy.dk\/?page_id=45\" class=\"more-link\">Continue reading<span class=\"screen-reader-text\"> &#8220;Martial Arts Academy&#8221;<\/span><\/a><\/p>\n","protected":false},"author":1,"featured_media":0,"parent":0,"menu_order":0,"comment_status":"closed","ping_status":"closed","template":"","meta":{"footnotes":""},"class_list":["post-45","page","type-page","status-publish","hentry"],"rise-blocks_excerpt":"Selvforsvar &amp; Personlig Udvikling Om Os: Martial Arts Academy er din vej til selvforsvar og personlig udvikling. Vi er mere end et tr\u00e6ningscenter; vi er en dedikeret familie, der guider dig mod succes p\u00e5 b\u00e5de det fysiske og mentale plan. Vores Mission: Vi tror p\u00e5 selvkontrol, ansvar og respekt som n\u00f8gleelementer for personlig v\u00e6kst. Vores mission er at udruste dig..","_links":{"self":[{"href":"http:\/\/martialartsacademy.dk\/index.php?rest_route=\/wp\/v2\/pages\/45","targetHints":{"allow":["GET"]}}],"collection":[{"href":"http:\/\/martialartsacademy.dk\/index.php?rest_route=\/wp\/v2\/pages"}],"about":[{"href":"http:\/\/martialartsacademy.dk\/index.php?rest_route=\/wp\/v2\/types\/page"}],"author":[{"embeddable":true,"href":"http:\/\/martialartsacademy.dk\/index.php?rest_route=\/wp\/v2\/users\/1"}],"replies":[{"embeddable":true,"href":"http:\/\/martialartsacademy.dk\/index.php?rest_route=%2Fwp%2Fv2%2Fcomments&post=45"}],"version-history":[{"count":8,"href":"http:\/\/martialartsacademy.dk\/index.php?rest_route=\/wp\/v2\/pages\/45\/revisions"}],"predecessor-version":[{"id":70,"href":"http:\/\/martialartsacademy.dk\/index.php?rest_route=\/wp\/v2\/pages\/45\/revisions\/70"}],"wp:attachment":[{"href":"http:\/\/martialartsacademy.dk\/index.php?rest_route=%2Fwp%2Fv2%2Fmedia&parent=45"}],"curies":[{"name":"wp","href":"https:\/\/api.w.org\/{rel}","templated":true}]}}